{"id":265,"date":"2025-04-30T10:42:56","date_gmt":"2025-04-30T10:42:56","guid":{"rendered":"https:\/\/tintoreriatot-sec.es\/?page_id=265"},"modified":"2025-04-30T10:42:57","modified_gmt":"2025-04-30T10:42:57","slug":"policita-de-privacidad","status":"publish","type":"page","link":"https:\/\/tintoreriatot-sec.es\/index.php\/policita-de-privacidad\/","title":{"rendered":"Pol\u00edcita de privacidad"},"content":{"rendered":"\n<p><\/p>\n\n\n\n<p>En Tintorer\u00eda Tot-sec, valoramos y respetamos tu privacidad. Esta pol\u00edtica explica c\u00f3mo recopilamos, usamos y protegemos tu informaci\u00f3n personal.<\/p>\n\n\n\n<p><strong>1. Datos que recopilamos:<\/strong><br>Recopilamos informaci\u00f3n personal como tu nombre, n\u00famero de tel\u00e9fono, direcci\u00f3n de correo electr\u00f3nico y detalles de tus pedidos, \u00fanicamente cuando t\u00fa nos los proporcionas de forma voluntaria.<\/p>\n\n\n\n<p><strong>2. Uso de la informaci\u00f3n:<\/strong><br>Usamos tus datos para:<\/p>\n\n\n\n<ul class=\"wp-block-list\">\n<li>Gestionar y entregar tus servicios de lavander\u00eda y tintorer\u00eda.<\/li>\n\n\n\n<li>Comunicarnos contigo sobre tus pedidos o promociones.<\/li>\n\n\n\n<li>Mejorar la calidad de nuestro servicio.<\/li>\n<\/ul>\n\n\n\n<p><strong>3. Protecci\u00f3n de tus datos:<\/strong><br>Aplicamos medidas de seguridad f\u00edsicas y digitales para garantizar que tu informaci\u00f3n est\u00e9 protegida y no sea compartida con terceros sin tu consentimiento, salvo en los casos exigidos por la ley.<\/p>\n\n\n\n<p><strong>4. Tus derechos:<\/strong><br>Tienes derecho a acceder, rectificar o eliminar tus datos personales en cualquier momento. Puedes contactarnos por correo electr\u00f3nico o directamente en nuestro local para ejercer estos derechos.<\/p>\n\n\n\n<p><strong>5. Cambios a esta pol\u00edtica:<\/strong><br>Podemos actualizar esta pol\u00edtica en cualquier momento. La versi\u00f3n m\u00e1s reciente estar\u00e1 siempre disponible en nuestro sitio web o en nuestras instalaciones.<\/p>\n\n\n\n<p><strong>Contacto:<\/strong><br>Si tienes dudas sobre esta pol\u00edtica, no dudes en contactarnos.<\/p>\n","protected":false},"excerpt":{"rendered":"<p>En Tintorer\u00eda Tot-sec, valoramos y respetamos tu privacidad. Esta pol\u00edtica explica c\u00f3mo recopilamos, usamos y protegemos tu informaci\u00f3n personal. 1. Datos que recopilamos:Recopilamos informaci\u00f3n personal como tu nombre, n\u00famero de tel\u00e9fono, direcci\u00f3n de correo electr\u00f3nico y detalles de tus pedidos, \u00fanicamente cuando t\u00fa nos los proporcionas de forma voluntaria. 2. Uso de la informaci\u00f3n:Usamos tus [&hellip;]<\/p>\n","protected":false},"author":3,"featured_media":0,"parent":0,"menu_order":0,"comment_status":"closed","ping_status":"closed","template":"","meta":{"saved_in_kubio":false,"footnotes":""},"class_list":["post-265","page","type-page","status-publish","hentry"],"kubio_ai_page_context":{"short_desc":"","purpose":"general"},"_links":{"self":[{"href":"https:\/\/tintoreriatot-sec.es\/index.php\/wp-json\/wp\/v2\/pages\/265","targetHints":{"allow":["GET"]}}],"collection":[{"href":"https:\/\/tintoreriatot-sec.es\/index.php\/wp-json\/wp\/v2\/pages"}],"about":[{"href":"https:\/\/tintoreriatot-sec.es\/index.php\/wp-json\/wp\/v2\/types\/page"}],"author":[{"embeddable":true,"href":"https:\/\/tintoreriatot-sec.es\/index.php\/wp-json\/wp\/v2\/users\/3"}],"replies":[{"embeddable":true,"href":"https:\/\/tintoreriatot-sec.es\/index.php\/wp-json\/wp\/v2\/comments?post=265"}],"version-history":[{"count":2,"href":"https:\/\/tintoreriatot-sec.es\/index.php\/wp-json\/wp\/v2\/pages\/265\/revisions"}],"predecessor-version":[{"id":278,"href":"https:\/\/tintoreriatot-sec.es\/index.php\/wp-json\/wp\/v2\/pages\/265\/revisions\/278"}],"wp:attachment":[{"href":"https:\/\/tintoreriatot-sec.es\/index.php\/wp-json\/wp\/v2\/media?parent=265"}],"curies":[{"name":"wp","href":"https:\/\/api.w.org\/{rel}","templated":true}]}}